{"id":363,"date":"2025-12-02T16:19:23","date_gmt":"2025-12-02T16:19:23","guid":{"rendered":"https:\/\/nivaacamping.com\/?page_id=363"},"modified":"2026-02-27T08:55:37","modified_gmt":"2026-02-27T08:55:37","slug":"activities","status":"publish","type":"page","link":"https:\/\/nivaacamping.com\/da\/activities\/","title":{"rendered":"Aktiviteter"},"content":{"rendered":"<h2 style=\"text-align: center;\">AKTIVITETER<\/h2>\n<h6 style=\"\"><em>P\u00c5 VORES CAMPINGPLADS<\/em><\/h6>\n<p><span><img decoding=\"async\" alt=\"\" data-id=\"399\" width=\"554\" data-init-width=\"1707\" height=\"831\" data-init-height=\"2560\" title=\"Kroketniveaucamping\" loading=\"lazy\" src=\"\/\/nivaacamping.com\/wp-content\/uploads\/2025\/11\/Croquet-1-scaled.jpg\" data-width=\"554\" data-height=\"831\" style=\"aspect-ratio: auto 1707 \/ 2560;\"><\/span><span><img decoding=\"async\" alt=\"\" data-id=\"397\" width=\"256\" data-init-width=\"1707\" height=\"384\" data-init-height=\"2560\" title=\"Skakcamping\" loading=\"lazy\" src=\"\/\/nivaacamping.com\/wp-content\/uploads\/2025\/11\/Chess_camping-scaled.jpg\" data-width=\"256\" data-height=\"384\" style=\"aspect-ratio: auto 1707 \/ 2560;\"><\/span><\/p>\n<h4>SJOV &amp; SPIL<\/h4>\n<p data-end=\"527\" data-start=\"402\" style=\"\">Hvis du er i hum\u00f8r til et havespil eller foretr\u00e6kker at slappe af med nogle br\u00e6tspil, har vi alt, hvad du beh\u00f8ver!<\/p>\n<ul>\n<li style=\"\">                    <span style=\"\"><strong>Havespil<\/strong>Vi har mange sjove havespil, som du kan l\u00e5ne i vores reception, herunder petanque, kroket og kubb.&nbsp;<\/span><\/li>\n<li style=\"\">                    <span style=\"\"><strong><strong>Br\u00e6tspil<\/strong>:<\/strong> Vi har masser af sjove spil, som du kan l\u00e5ne i receptionen. Alt fra Catan til skak!<\/span><\/li>\n<li><span><strong>Slackline<\/strong>I vores lille skov kan du udfordre din balance p\u00e5 vores nye slackline<\/span><\/li>\n<li style=\"\">                    <span style=\"\"><strong>Legeplads:<\/strong> Vores legeplads har et udvalg af sjove aktiviteter for b\u00f8rn<\/span><\/li>\n<li><span style=\"\"><strong>Trampolinpude:<\/strong> Vores store, oppustelige trampolinpude er en stor favorit blandt vores sm\u00e5 campister<\/span><\/li>\n<\/ul>\n<p style=\"\">Alle vores spil og aktiviteter er gratis at bruge som g\u00e6st p\u00e5 vores campingplads.<\/p>\n<h4>Vores geder<\/h4>\n<p style=\"\"><strong data-end=\"154\" data-start=\"87\">M\u00f8d de virkelige v\u00e6rter p\u00e5 Niv\u00e5 Camping \u2014 vores to venlige geder!<\/strong><\/p>\n<p style=\"\">De elsker at hilse p\u00e5 g\u00e6ster, se den daglige campingplads-sus og bringe smil frem hos bes\u00f8gende i alle aldre. Sig hej til dem p\u00e5 vej ind \u2013 de er altid glade for at f\u00e5 nye venner!<\/p>\n<p><span style=\"\"><img decoding=\"async\" alt=\"\" data-id=\"404\" width=\"401\" data-init-width=\"1200\" height=\"712\" data-init-height=\"2132\" title=\"Geder_niveau_camping\" loading=\"lazy\" src=\"\/\/nivaacamping.com\/wp-content\/uploads\/2025\/11\/Goats_niva_camping.png\" data-width=\"401\" data-height=\"712\" style=\"aspect-ratio: auto 1200 \/ 2132;\" ml-d=\"0\" mt-d=\"-128\" center-v-d=\"false\"><\/span><\/p>\n<h4 style=\"\">CYKELUDLEJNING<\/h4>\n<p data-end=\"423\" data-start=\"172\" style=\"\">Alle ved, hvor meget danskere elsker at cykle, og det vil vi gerne dele med jer!<\/p>\n<p data-end=\"423\" data-start=\"172\" style=\"\">Vi tilbyder cykeludlejning direkte p\u00e5 campingpladsen, hvilket g\u00f8r det nemt at opdage n\u00e6rliggende strande, byer eller attraktioner. Vores veludviklede cykelstier f\u00f8rer dig hele vejen til K\u00f8benhavn eller Helsing\u00f8r langs kysten p\u00e5 to hjul. Denne kystrute er flad, let at navigere og med masser at se undervejs. Toget tager dig direkte tilbage til Niv\u00e5 Station, og du kan tage cyklen med p\u00e5 toget.&nbsp;<\/p>\n<p data-end=\"423\" data-start=\"172\" style=\"\"><strong data-end=\"702\" data-start=\"680\">1 time og 35 minutter p\u00e5 cykel<\/strong> \u2014 du n\u00e5r K\u00f8benhavn efter en smuk cykeltur langs kysten hele vejen for at se Den Lille Havfrue, Nyhavn, Amalienborg Slot og meget mere!<\/p>\n<p data-end=\"423\" data-start=\"172\" style=\"\"><strong data-end=\"702\" data-start=\"680\">1 time p\u00e5 cykel<\/strong> \u2014 til Eremitageslottet i den smukke park og skov, Dyrehaven. I parken finder du ogs\u00e5 den unikke forlystelsespark Bakken, som er gratis at komme ind i!<\/p>\n<p data-end=\"423\" data-start=\"172\" style=\"\"><strong data-end=\"702\" data-start=\"680\">40 minutter p\u00e5 cykel<\/strong> \u2014 nordp\u00e5 til Helsing\u00f8r, hvor du kan se Kronborg Slot eller bes\u00f8ge streetfood-hallen p\u00e5 V\u00e6rftets Madmarked. Det er ogs\u00e5 muligt at tage en dagstur med f\u00e6rgen til Sverige p\u00e5 20 minutter!<\/p>\n<p data-end=\"807\" data-start=\"649\" style=\"\"><strong data-end=\"702\" data-start=\"680\">15 minutter p\u00e5 cykel<\/strong> \u2014 n\u00e5r du Louisiana Museum of Modern Art, et ideelt kulturelt bes\u00f8g under dit ophold. Stop ved Hej Caf\u00e9 i Humbleb\u00e6k for en snack og en kop kaffe undervejs.<\/p>\n<p style=\"\"><strong data-end=\"702\" data-start=\"680\">5 minutter p\u00e5 cykel \u2014 <\/strong> vores<strong data-end=\"702\" data-start=\"680\">&nbsp;<\/strong>lokal k\u00f8bmand og Niv\u00e5 Station. G\u00f8r det nemt at finde forsyninger til en picnic eller middag p\u00e5 grillen eller hoppe p\u00e5 toget til K\u00f8benhavn eller Helsing\u00f8r.<\/p>\n<p data-end=\"1085\" data-start=\"940\" style=\"\">Bes\u00f8g blot vores reception for at leje en cykel og starte din rejse \u2013 den bedste m\u00e5de at opleve Niv\u00e5 og den danske kultur p\u00e5 er p\u00e5 cykel!<\/p>\n<p><span style=\"\"><img decoding=\"async\" alt=\"\" data-id=\"432\" width=\"862\" data-init-width=\"2560\" height=\"575\" data-init-height=\"1707\" title=\"Lej en cykel_Niv\u00e5_Camping\" loading=\"lazy\" src=\"\/\/nivaacamping.com\/wp-content\/uploads\/2025\/11\/Rent-a-bike_Niva_Camping-scaled.jpg\" data-width=\"862\" data-height=\"575\" style=\"aspect-ratio: auto 2560 \/ 1707;\" mt-d=\"0\" ml-d=\"-128\" center-h-d=\"false\"><\/span><\/p>\n<p style=\"\">\n<p style=\"\"><strong>Vores dagspas<\/strong><\/p>\n<p style=\"\">Med vores dagskort kan du bruge vores cykler fra kl. 8 til 18. Priser:<\/p>\n<p style=\"\">\n<p style=\"\">Voksen: 150 kr.&nbsp;<\/p>\n<p style=\"\">Barn: 100 kr.&nbsp;<\/p>\n<h4>Vores sauna<\/h4>\n<p data-end=\"120\" data-start=\"79\" style=\"\"><strong data-end=\"118\" data-start=\"79\">Slap af i vores sauna i skoven<\/strong><\/p>\n<p data-end=\"448\" data-start=\"122\" style=\"\">Tag et \u00f8jeblik til at slappe af i vores helt egen sauna, gemt v\u00e6k i vores charmerende lille skov. Omgivet af natur er det det perfekte sted at slappe af efter en dag med udforskning og aktiviteter.<\/p>\n<p data-end=\"448\" data-start=\"122\" style=\"\">Book en 1,5 times saunasession, n\u00e5r du reserverer dit ophold, eller kig forbi caf\u00e9en for at tjekke ledige tidspunkter under dit bes\u00f8g.<\/p>\n<p data-end=\"448\" data-start=\"122\" style=\"\">Brug af vores sauna er inkluderet i opholdet i Retreat-omr\u00e5det, som tilbyder b\u00e5de glampingtelte og Retreat-hytter. Se vores indkvartering i Retreat-omr\u00e5det:<\/p>\n<p><span style=\"\"><img decoding=\"async\" alt=\"Sauna_camping\" data-id=\"837\" width=\"403\" data-init-width=\"2560\" height=\"403\" data-init-height=\"2560\" title=\"Vores sauna\" loading=\"lazy\" src=\"\/\/nivaacamping.com\/wp-content\/uploads\/2025\/12\/Image-01-scaled.png\" data-width=\"403\" data-height=\"403\" style=\"aspect-ratio: auto 2560 \/ 2560;\" ml-d=\"-3.944999999999993\" mt-d=\"0\" center-v-d=\"false\" center-h-d=\"false\"><\/span><\/p>\n<p style=\"\"><strong>Vores sauna<\/strong><\/p>\n<p style=\"\">Book en privat session p\u00e5 1,5 time i vores sauna under dit ophold. Maksimum 6 personer. Sessioner er tilg\u00e6ngelige mellem kl. 06:30 og 22:00. Priser:<\/p>\n<p style=\"\">\n<p style=\"\">500 kr. \/ 1,5 times session<\/p>\n<p style=\"\">*B\u00f8rn (under 18 \u00e5r) har kun adgang til saunaen i f\u00f8lge med en voksen. Minimumsalder 6 \u00e5r.<\/p>\n<h6 style=\"text-align: left;\"><em>vores nabolag<\/em><\/h6>\n<p><span style=\"\"><img decoding=\"async\" alt=\"\" data-id=\"149\" width=\"759\" data-init-width=\"1080\" height=\"506\" data-init-height=\"720\" title=\"Lousiana museum for moderne kunst_niv\u00e5 camping\" loading=\"lazy\" src=\"\/\/nivaacamping.com\/wp-content\/uploads\/2025\/11\/QJMOIcmsnOs.jpg\" data-width=\"759\" data-height=\"506\" style=\"aspect-ratio: auto 1080 \/ 720;\" mt-d=\"0\" ml-d=\"-128\" center-h-d=\"false\"><\/span><\/p>\n<h4>LOUSIANA MUSEUM FOR MODERNE KUNST<\/h4>\n<p data-end=\"681\" data-is-last-node=\"\" data-is-only-node=\"\" data-start=\"0\" style=\"\">Louisiana Museum of Modern Art er et af Danmarks st\u00f8rste kulturelle h\u00f8jdepunkter og kombinerer kunst i verdensklasse med fantastiske omgivelser ved havet.<\/p>\n<p data-end=\"681\" data-is-last-node=\"\" data-is-only-node=\"\" data-start=\"0\" style=\"\">Museet ligger blot 10 minutters cykeltur fra campingpladsen og udstiller en imponerende samling af moderne og nutidige v\u00e6rker sammen med gennemt\u00e6nkt arkitektur, der smelter perfekt sammen med naturen. Store vinduer, fredelige haver og en smuk skulpturpark med udsigt over \u00d8resund g\u00f8r hvert bes\u00f8g roligt og inspirerende.&nbsp;<\/p>\n<p data-end=\"681\" data-is-last-node=\"\" data-is-only-node=\"\" data-start=\"0\" style=\"\">Med skiftende udstillinger, kreative rum og en hyggelig caf\u00e9 er det et sted, hvor kunstelskere, familier og ferieg\u00e6ster f\u00f8ler sig velkomne. Et bes\u00f8g p\u00e5 Louisiana er det hele v\u00e6rd og ogs\u00e5 et fantastisk sted at tage dine b\u00f8rn med p\u00e5 en dagstur!<\/p>\n<h4>STRAND &amp; HAVN<\/h4>\n<p style=\"\"><strong>Tag en dukkert i havet p\u00e5 vores helt egen strand i Niv\u00e5!<\/strong><\/p>\n<p data-end=\"517\" data-start=\"310\" style=\"\">Kun 10 minutters gang fra campingpladsen ligger Niv\u00e5 Strand, der tilbyder en varm og familievenlig strand. Det bl\u00f8de sand, det lave vand og den lille badebro g\u00f8r den til et ideelt sted at k\u00f8le af og nyde sommeren.<\/p>\n<p data-end=\"207\" data-start=\"0\" style=\"\"><strong>Den perfekte bugt til vandsport<\/strong><\/p>\n<p data-end=\"751\" data-start=\"548\" style=\"\">I l\u00f8bet af for\u00e5ret, efter\u00e5ret og de dejligt bl\u00e6sende sommerdage tilbyder bugten ideelle forhold for kitesurfing. Konstante sydlige eller syd\u00f8stlige vinde tiltr\u00e6kker kitesurfere fra n\u00e6r og fjern for at nyde stedet.<\/p>\n<p style=\"\"><strong>T\u00f8rstig, sulten eller l\u00e6nges efter en is?<\/strong><\/p>\n<p style=\"\">Tag til den hyggelige Niv\u00e5 Havn, hvor du finder Cafe Strandhuset og Restaurant Trekosten. Du kan ogs\u00e5 finde en l\u00e6kker is, se b\u00e5dene eller slentre ind i det n\u00e6rliggende naturreservat, der er hjemsted for over 200 forskellige fuglearter.<\/p>\n<p><span style=\"\"><img decoding=\"async\" alt=\"\" data-id=\"334\" width=\"554\" data-init-width=\"1920\" height=\"739\" data-init-height=\"2560\" title=\"Strand_Niv\u00e5\" loading=\"lazy\" src=\"\/\/nivaacamping.com\/wp-content\/uploads\/2025\/11\/Strand_Niva-scaled.jpg\" data-width=\"554\" data-height=\"739\" style=\"aspect-ratio: auto 1920 \/ 2560;\" mt-t=\"-278\" ml-t=\"0\" center-v-t=\"false\" mt-m=\"-72.53899999999999\" ml-m=\"0\" center-v-m=\"false\"><\/span><span style=\"\"><img decoding=\"async\" alt=\"\" data-id=\"470\" width=\"631\" data-init-width=\"2560\" height=\"473\" data-init-height=\"1920\" title=\"Naturlegeplads_Niv\u00e5\" loading=\"lazy\" src=\"\/\/nivaacamping.com\/wp-content\/uploads\/2025\/12\/Nature_legeplads_Niva-scaled.jpg\" data-width=\"631\" data-height=\"473\" style=\"aspect-ratio: auto 2560 \/ 1920;\" mt-d=\"0\" ml-d=\"0\" center-h-d=\"false\" center-v-d=\"false\" ml-t=\"-128\" mt-t=\"0\" center-h-t=\"false\" ml-m=\"-95.875\" mt-m=\"0\"><\/span><\/p>\n<h4>NATURLEGEPLADS&nbsp;<\/h4>\n<p data-end=\"681\" data-is-last-node=\"\" data-is-only-node=\"\" data-start=\"0\" style=\"\">Lige ved siden af Niv\u00e5 Camping finder du en charmerende naturlegeplads designet til familier, der elsker at v\u00e6re udend\u00f8rs.<\/p>\n<p data-end=\"681\" data-is-last-node=\"\" data-is-only-node=\"\" data-start=\"0\" style=\"\">Omgivet af tr\u00e6er, vand og dyreliv, smelter legepladsen naturligt sammen med landskabet og tilbyder masser af plads til b\u00f8rn til at klatre, balancere, udforske og forbr\u00e6nde energi p\u00e5 denne tr\u00e6legeplads i skoven.&nbsp;<\/p>\n<p><span style=\"\"><img decoding=\"async\" alt=\"\" data-id=\"420\" width=\"326\" data-init-width=\"784\" height=\"508\" data-init-height=\"1222\" title=\"Niv\u00e5_golfklub_niv\u00e5_camping\" loading=\"lazy\" src=\"\/\/nivaacamping.com\/wp-content\/uploads\/2025\/11\/Niva_golfklub_niva_camping.png\" data-width=\"326\" data-height=\"508\" style=\"aspect-ratio: auto 784 \/ 1222;\" mt-d=\"-1.0230000000000246\" ml-d=\"0\" center-h-d=\"false\"><\/span><\/p>\n<h4>NIV\u00c5 GOLFKLUB<\/h4>\n<p data-end=\"574\" data-start=\"48\" style=\"\">Niv\u00e5 Golfklub, der ligger kun 5 km fra Niv\u00e5 Camping, er en smukt vedligeholdt bane beliggende i dejlige omgivelser p\u00e5 Nordsj\u00e6lland.&nbsp;<\/p>\n<p data-end=\"574\" data-start=\"48\" style=\"\">Klubben byder golfspillere p\u00e5 alle niveauer velkommen og tilbyder varierede fairways, velholdte greens og en fantastisk udsigt, der g\u00f8r hver runde forn\u00f8jelig og afslappende.&nbsp;<\/p>\n<p data-end=\"574\" data-start=\"48\" style=\"\">Med fremragende tr\u00e6ningsfaciliteter, et dejligt klubhus og muligheder for lektioner eller tr\u00e6ning er Niv\u00e5 Golfklub det perfekte sted at tilbringe en dag udend\u00f8rs \u2013 uanset om du finpudser dit sving eller blot nyder det rolige, gr\u00f8nne milj\u00f8.<\/p>\n<h4 style=\"\">Nivaagaards Teglv\u00e6rk &amp; LERGAVSS\u00d8ERNE<\/h4>\n<p data-end=\"343\" data-start=\"0\" style=\"\">Lige ved siden af Niv\u00e5 Camping ligger det gamle teglv\u00e6rk og lergrave, et unikt omr\u00e5de fyldt med historie og naturlig sk\u00f8nhed.<\/p>\n<p data-end=\"343\" data-start=\"0\" style=\"\">Nivaagaards Teglv\u00e6rk er et historisk teglv\u00e6rk beliggende i Niv\u00e5, Danmark. Grundlagt i 1853, var det et af de st\u00f8rste teglv\u00e6rksproduktionssteder i regionen og drev virksomhed i over et \u00e5rhundrede.<\/p>\n<p data-end=\"650\" data-start=\"181\" style=\"\">Nord for Nivaagaards Teglv\u00e6rk finder du tre store s\u00f8er og flere mindre. Disse var engang aktive lergrave, der blev brugt indtil omkring 1920, hvor regnvand fra \u00d8resund br\u00f8d diget.<\/p>\n<p data-end=\"997\" data-start=\"652\" style=\"\">I dag er omr\u00e5det et vidunderligt sted at nyde naturen og udend\u00f8rsaktiviteter. Vandrestier og et fuglekiggert\u00e5rn tilbyder t\u00e6tte m\u00f8der med det rige dyreliv, herunder de flygtige isfugle. S\u00f8erne, nogle s\u00e5 dybe som 15 meter, er hjemsted for ferskvandsfisk som gedde, aborre og kakerlak. Hvis du \u00f8nsker at fiske, kan du se vores fiskeguide nedenfor.&nbsp;<\/p>\n<p data-end=\"1446\" data-start=\"1240\" style=\"\">Med Niv\u00e5 Camping som base ligger de gamle lergrave kun en kort g\u00e5tur v\u00e6k \u2013 perfekt til en morgentur.<\/p>\n<p><span style=\"\"><img decoding=\"async\" alt=\"\" data-id=\"461\" width=\"554\" data-init-width=\"960\" height=\"312\" data-init-height=\"540\" title=\"Lergravs\u00f8erne_niveau\" loading=\"lazy\" src=\"\/\/nivaacamping.com\/wp-content\/uploads\/2025\/11\/Lergravsoerne_niva.jpg\" data-width=\"554\" data-height=\"312\" style=\"aspect-ratio: auto 960 \/ 540;\" mt-d=\"-3.1170000000000186\" ml-d=\"0\" center-h-d=\"false\"><\/span><span style=\"\"><img decoding=\"async\" alt=\"\" data-id=\"468\" width=\"554\" data-init-width=\"1365\" height=\"554\" data-init-height=\"1365\" title=\"Ringovnniveau\" loading=\"lazy\" src=\"\/\/nivaacamping.com\/wp-content\/uploads\/2025\/12\/Ringovn_niva.jpg\" data-width=\"554\" data-height=\"554\" style=\"aspect-ratio: auto 1365 \/ 1365;\" ml-d=\"0\" mt-d=\"0\" center-v-d=\"false\"><\/span><span style=\"\"><img decoding=\"async\" alt=\"\" data-id=\"459\" width=\"554\" data-init-width=\"1920\" height=\"739\" data-init-height=\"2560\" title=\"Fiskecamping i Danmark\" loading=\"lazy\" src=\"\/\/nivaacamping.com\/wp-content\/uploads\/2025\/11\/Fishing_camping_denmark-scaled.jpg\" data-width=\"554\" data-height=\"739\" style=\"aspect-ratio: auto 1920 \/ 2560;\" mt-d=\"-142\" ml-d=\"0\" center-h-d=\"false\" center-v-d=\"false\" mt-m=\"-74\" ml-m=\"0\" center-v-m=\"false\"><\/span><\/p>\n<h4>FISKEGUIDE FOR NIV\u00c5<\/h4>\n<p data-end=\"574\" data-start=\"48\" style=\"\">Fisk i s\u00f8erne og havnen!<\/p>\n<p data-end=\"1446\" data-start=\"1240\" style=\"\">S\u00f8erne, nogle s\u00e5 dybe som 15 meter, er hjemsted for ferskvandsfisk som gedde, aborre og kakerlak.<\/p>\n<p data-end=\"1446\" data-start=\"1240\" style=\"\">Dagskort til fiskeri i s\u00f8erne og havnen koster kun 46 kr. og kan betales via linket:<\/p>\n<p><span style=\"\"><img decoding=\"async\" alt=\"\" data-id=\"289\" width=\"314\" data-init-width=\"1920\" height=\"418\" data-init-height=\"2560\" title=\"\u00c6bletr\u00e6_camping_denmark\" loading=\"lazy\" src=\"\/\/nivaacamping.com\/wp-content\/uploads\/2025\/11\/AEbletrae_camping_denmark-scaled.jpg\" data-width=\"314\" data-height=\"418\" style=\"aspect-ratio: auto 1920 \/ 2560;\" ml-d=\"0\" mt-d=\"-117\" center-v-d=\"false\" mt-t=\"-46\" ml-t=\"0\" center-v-t=\"false\" mt-m=\"-141\" center-v-m=\"false\"><\/span><span style=\"\"><img decoding=\"async\" alt=\"\" data-id=\"207\" width=\"314\" data-init-width=\"1920\" height=\"418\" data-init-height=\"2560\" title=\"CAMP_Forest_niv\u00e5\" loading=\"lazy\" src=\"\/\/nivaacamping.com\/wp-content\/uploads\/2025\/11\/CAMP_Forest_niva-scaled.jpg\" data-width=\"314\" data-height=\"418\" style=\"aspect-ratio: auto 1920 \/ 2560;\" ml-d=\"0\" mt-d=\"-65\" center-v-d=\"false\" mt-t=\"-15\" center-v-t=\"false\" mt-m=\"-92\" center-v-m=\"false\"><\/span><span style=\"\"><img decoding=\"async\" alt=\"\" data-id=\"358\" width=\"314\" data-init-width=\"1920\" height=\"418\" data-init-height=\"2560\" title=\"S\u00f8_camping_niveau\" loading=\"lazy\" src=\"\/\/nivaacamping.com\/wp-content\/uploads\/2025\/11\/So_camping_niva-1-scaled.jpg\" data-width=\"314\" data-height=\"418\" style=\"aspect-ratio: auto 1920 \/ 2560;\" mt-d=\"-60\" ml-d=\"0\" center-v-d=\"false\" mt-t=\"-19\" center-v-t=\"false\" mt-m=\"-98\" center-v-m=\"false\"><\/span><span style=\"\"><img decoding=\"async\" alt=\"\" data-id=\"189\" width=\"314\" data-init-width=\"1440\" height=\"558\" data-init-height=\"2560\" title=\"Glamping_niv\u00e5\" loading=\"lazy\" src=\"\/\/nivaacamping.com\/wp-content\/uploads\/2025\/11\/Glamp.avif\" data-width=\"314\" data-height=\"558\" style=\"aspect-ratio: auto 1440 \/ 2560;\" ml-d=\"0\" mt-d=\"-112\" center-v-d=\"false\" mt-t=\"-505\" center-v-t=\"false\" mt-m=\"-175\" ml-m=\"0\" center-v-m=\"false\"><\/span><span style=\"\"><img decoding=\"async\" alt=\"\" data-id=\"331\" width=\"314\" data-init-width=\"1920\" height=\"418\" data-init-height=\"2560\" title=\"Sommer_Niv\u00e5_Camping\" loading=\"lazy\" src=\"\/\/nivaacamping.com\/wp-content\/uploads\/2025\/11\/Sommer_Niva_Camping-scaled.jpg\" data-width=\"314\" data-height=\"418\" style=\"aspect-ratio: auto 1920 \/ 2560;\" ml-d=\"0\" mt-d=\"-110\" center-v-d=\"false\" mt-t=\"-81.78099999999998\" ml-t=\"0\" mt-m=\"-179\" center-v-m=\"false\"><\/span><span style=\"\"><img decoding=\"async\" alt=\"\" data-id=\"291\" width=\"314\" data-init-width=\"1920\" height=\"418\" data-init-height=\"2560\" title=\"Lakeside_niv\u00e5camping\" loading=\"lazy\" src=\"\/\/nivaacamping.com\/wp-content\/uploads\/2025\/11\/Lakeside_nivacamping-1-scaled.jpg\" data-width=\"314\" data-height=\"418\" style=\"aspect-ratio: auto 1920 \/ 2560;\" ml-d=\"0\" mt-d=\"-59\" center-v-d=\"false\" mt-m=\"-98\" center-v-m=\"false\"><\/span><span style=\"\"><img decoding=\"async\" alt=\"\" data-id=\"98\" width=\"314\" data-init-width=\"1920\" height=\"418\" data-init-height=\"2560\" title=\"Hytte_35m2_niv\u00e5_camping\" loading=\"lazy\" src=\"\/\/nivaacamping.com\/wp-content\/uploads\/2025\/11\/Hytte_35m2_niva_camping-1-scaled.jpg\" data-width=\"314\" data-height=\"418\" style=\"aspect-ratio: auto 1920 \/ 2560;\" ml-d=\"0\" mt-d=\"-74\" center-v-d=\"false\" mt-m=\"-98\" center-v-m=\"false\"><\/span><span style=\"\"><img decoding=\"async\" alt=\"\" data-id=\"99\" width=\"314\" data-init-width=\"1920\" height=\"418\" data-init-height=\"2560\" title=\"Niv\u00e5_camping_strand_skov\" loading=\"lazy\" src=\"\/\/nivaacamping.com\/wp-content\/uploads\/2025\/11\/Niva_camping_strand_skov-scaled.jpg\" data-width=\"314\" data-height=\"418\" style=\"aspect-ratio: auto 1920 \/ 2560;\" mt-d=\"-83\" ml-d=\"0\" center-v-d=\"false\" mt-t=\"-427\" center-v-t=\"false\" mt-m=\"-115\" ml-m=\"0\" center-v-m=\"false\"><\/span><span style=\"\"><img decoding=\"async\" alt=\"\" data-id=\"330\" width=\"317\" data-init-width=\"2560\" height=\"238\" data-init-height=\"1920\" title=\"Niv\u00e5hytte\" loading=\"lazy\" src=\"\/\/nivaacamping.com\/wp-content\/uploads\/2025\/11\/Niva_cabin-scaled.jpg\" data-width=\"317\" data-height=\"238\" style=\"aspect-ratio: auto 2560 \/ 1920;\" ml-d=\"-3.1329999999999814\" mt-d=\"0\" ml-t=\"-2.4529999999999745\" mt-t=\"0\" ml-m=\"-2\" center-h-m=\"false\"><\/span><span style=\"\"><img decoding=\"async\" alt=\"\" data-id=\"334\" width=\"314\" data-init-width=\"1920\" height=\"418\" data-init-height=\"2560\" title=\"Strand_Niv\u00e5\" loading=\"lazy\" src=\"\/\/nivaacamping.com\/wp-content\/uploads\/2025\/11\/Strand_Niva-scaled.jpg\" data-width=\"314\" data-height=\"418\" style=\"aspect-ratio: auto 1920 \/ 2560;\" mt-d=\"-124\" ml-d=\"0\" center-v-d=\"false\" mt-t=\"-68.695\" ml-t=\"0\" mt-m=\"-174\" center-v-m=\"false\"><\/span><span style=\"\"><img decoding=\"async\" alt=\"\" data-id=\"329\" width=\"314\" data-init-width=\"1920\" height=\"418\" data-init-height=\"2560\" title=\"Appletree_copenhagen_niveau\" loading=\"lazy\" src=\"\/\/nivaacamping.com\/wp-content\/uploads\/2025\/11\/Appletree_copenhagen_niva-scaled.jpg\" data-width=\"314\" data-height=\"418\" style=\"aspect-ratio: auto 1920 \/ 2560;\" mt-d=\"-86\" ml-d=\"0\" center-v-d=\"false\" mt-t=\"-42\" center-v-t=\"false\" mt-m=\"-124\" center-v-m=\"false\"><\/span><span style=\"\"><img decoding=\"async\" alt=\"\" data-id=\"332\" width=\"314\" data-init-width=\"1920\" height=\"418\" data-init-height=\"2560\" title=\"Blomsterniveauhytte\" loading=\"lazy\" src=\"\/\/nivaacamping.com\/wp-content\/uploads\/2025\/11\/Blomster_niva_hytte-scaled.jpg\" data-width=\"314\" data-height=\"418\" style=\"aspect-ratio: auto 1920 \/ 2560;\" ml-d=\"0\" mt-d=\"-58\" center-v-d=\"false\" mt-t=\"-308\" center-v-t=\"false\" mt-m=\"-81\" ml-m=\"0\" center-v-m=\"false\"><\/span><\/p>","protected":false},"excerpt":{"rendered":"<p>ACTIVITIES ON OUR CAMPGROUND FUN &amp; GAMES If you\u2019re in the mood for a garden game or prefer to unwind with some board games, we\u2019ve got everything you need! Garden Games: We have many fun garden games that you can come and borrow in our reception including p\u00e9tanque, croquet, kubb&nbsp; Boardgames: We have lots of [&hellip;]<\/p>\n","protected":false},"author":1,"featured_media":0,"parent":0,"menu_order":0,"comment_status":"closed","ping_status":"closed","template":"","meta":{"footnotes":""},"class_list":["post-363","page","type-page","status-publish","hentry","post-wrapper","thrv_wrapper"],"jetpack_sharing_enabled":true,"_links":{"self":[{"href":"https:\/\/nivaacamping.com\/da\/wp-json\/wp\/v2\/pages\/363","targetHints":{"allow":["GET"]}}],"collection":[{"href":"https:\/\/nivaacamping.com\/da\/wp-json\/wp\/v2\/pages"}],"about":[{"href":"https:\/\/nivaacamping.com\/da\/wp-json\/wp\/v2\/types\/page"}],"author":[{"embeddable":true,"href":"https:\/\/nivaacamping.com\/da\/wp-json\/wp\/v2\/users\/1"}],"replies":[{"embeddable":true,"href":"https:\/\/nivaacamping.com\/da\/wp-json\/wp\/v2\/comments?post=363"}],"version-history":[{"count":84,"href":"https:\/\/nivaacamping.com\/da\/wp-json\/wp\/v2\/pages\/363\/revisions"}],"predecessor-version":[{"id":1091,"href":"https:\/\/nivaacamping.com\/da\/wp-json\/wp\/v2\/pages\/363\/revisions\/1091"}],"wp:attachment":[{"href":"https:\/\/nivaacamping.com\/da\/wp-json\/wp\/v2\/media?parent=363"}],"curies":[{"name":"wp","href":"https:\/\/api.w.org\/{rel}","templated":true}]}}