{"id":537,"date":"2025-12-02T16:19:29","date_gmt":"2025-12-02T16:19:29","guid":{"rendered":"https:\/\/nivaacamping.com\/?page_id=537"},"modified":"2026-02-23T17:38:27","modified_gmt":"2026-02-23T17:38:27","slug":"about","status":"publish","type":"page","link":"https:\/\/nivaacamping.com\/da\/about\/","title":{"rendered":"Omkring"},"content":{"rendered":"<h2 style=\"text-align: center;\">CAMPING SIDEN 1953<\/h2>\n<p data-end=\"235\" data-start=\"46\" style=\"\">Vi er stolte af at v\u00e6re <strong data-end=\"105\" data-start=\"68\">den n\u00e6st\u00e6ldste campingplads i Danmark<\/strong>. Lige siden 1953 er folk fra K\u00f8benhavn og omegn kommet til Niv\u00e5 for at holde deres sommerferie her.<\/p>\n<p data-end=\"510\" data-start=\"237\" style=\"\">Gennem \u00e5rene er campingpladsen vokset og \u00e6ndret, men stemningen er forblevet den samme \u2013 et hyggeligt og venligt sted, hvor man kan nyde stranden, naturen og en afslappet atmosf\u00e6re. Mange g\u00e6ster vender tilbage \u00e5r efter \u00e5r, og vi elsker at v\u00e6re en del af deres ferietraditioner.<\/p>\n<p data-end=\"604\" data-is-last-node=\"\" data-is-only-node=\"\" data-start=\"512\" style=\"\">Niv\u00e5 Camping er simpelthen et dejligt sted at slappe af, nyde naturen og f\u00f8le sig hjemme.<\/p>\n<p data-end=\"506\" data-start=\"51\" style=\"\">Vi er den fjerde ejer af Niv\u00e5 Camping siden \u00e5bningen for 70 \u00e5r siden. Gennem \u00e5rtierne har campingpladsen kun haft en h\u00e5ndfuld engagerede ejere, og vi er stolte af at forts\u00e6tte traditionen. Vi f\u00f8ler os heldige at v\u00e6re en del af et sted med s\u00e5 meget historie, charme og langvarige ferieminder.<\/p>\n<p data-end=\"506\" data-start=\"51\" style=\"\">Vores m\u00e5l er at passe p\u00e5 campingpladsen med den samme passion som dem f\u00f8r os, samtidig med at vi fortsat g\u00f8r den til et varmt og im\u00f8dekommende sted for alle, der bes\u00f8ger den.<\/p>\n<p><span style=\"\"><img decoding=\"async\" alt=\"\" data-id=\"391\" width=\"104\" data-init-width=\"2560\" height=\"104\" data-init-height=\"2560\" title=\"Telt_Danmark\" loading=\"lazy\" src=\"\/\/nivaacamping.com\/wp-content\/uploads\/2025\/11\/Image-12-scaled.png\" data-width=\"104\" data-height=\"104\" style=\"aspect-ratio: auto 2560 \/ 2560;\" ml-d=\"-1.0079999999999956\" mt-d=\"0\" center-h-d=\"false\" center-v-d=\"false\"><\/span><\/p>\n<h6 data-end=\"91\" data-start=\"57\" style=\"\"><span style=\"font-size: 17px !important;\">En varm velkomst fra de nye ejere fra 2026<\/span><\/h6>\n<p data-end=\"397\" data-start=\"93\" style=\"text-align: center;\"><span style=\"font-size: 15px !important;\"><em>Som de nye ejere af Niv\u00e5 Camping er vores st\u00f8rste \u00f8nske, at alle g\u00e6ster, der bes\u00f8ger os, f\u00e5r en virkelig vidunderlig oplevelse. Uanset om du er her for afslapning, eventyr eller blot for at nyde naturens sk\u00f8nhed, h\u00e5ber vi, at vores campingplads f\u00f8les som et sted, hvor du kan slappe af, udforske og skabe varige minder.<\/em><\/span><\/p>\n<p data-end=\"470\" data-start=\"399\" style=\"\"><em><span style=\"font-size: 15px !important;\">Tak fordi du valgte at bruge din tid hos os \u2013 det betyder alt.<\/span><\/em><\/p>\n<p style=\"\"><strong>Stephanie &amp; Felix \u2013 Nuv\u00e6rende ejere<\/strong><\/p>\n<p><span><img decoding=\"async\" alt=\"\" data-id=\"359\" width=\"281\" data-init-width=\"1920\" height=\"375\" data-init-height=\"2560\" title=\"Flowers_niv\u00e5_camping_nordsj\u00e6lland\" loading=\"lazy\" src=\"\/\/nivaacamping.com\/wp-content\/uploads\/2025\/11\/Flowers_niva_camping_nordsjaelland-1-scaled.jpg\" data-width=\"281\" data-height=\"375\" style=\"aspect-ratio: auto 1920 \/ 2560;\"><\/span><span style=\"\"><img decoding=\"async\" alt=\"\" data-id=\"294\" width=\"407\" data-init-width=\"1222\" height=\"213\" data-init-height=\"640\" title=\"Nivaa_camping_n\u00e6st_\u00e6ldste_campingplads_Danmark\" loading=\"lazy\" src=\"\/\/nivaacamping.com\/wp-content\/uploads\/2025\/11\/Nivaacamping.jpeg\" data-width=\"407\" data-height=\"213\" style=\"aspect-ratio: auto 1222 \/ 640;\" ml-d=\"-151\" mt-d=\"0\" center-h-d=\"false\" ml-m=\"-87.906\" mt-m=\"0\"><\/span><span style=\"\"><img decoding=\"async\" alt=\"\" data-id=\"289\" width=\"314\" data-init-width=\"1920\" height=\"418\" data-init-height=\"2560\" title=\"\u00c6bletr\u00e6_camping_denmark\" loading=\"lazy\" src=\"\/\/nivaacamping.com\/wp-content\/uploads\/2025\/11\/AEbletrae_camping_denmark-scaled.jpg\" data-width=\"314\" data-height=\"418\" style=\"aspect-ratio: auto 1920 \/ 2560;\" ml-d=\"0\" mt-d=\"-117\" center-v-d=\"false\" mt-t=\"-65.42899999999997\" ml-t=\"0\" mt-m=\"-149\" center-v-m=\"false\"><\/span><span style=\"\"><img decoding=\"async\" alt=\"\" data-id=\"207\" width=\"314\" data-init-width=\"1920\" height=\"418\" data-init-height=\"2560\" title=\"CAMP_Forest_niv\u00e5\" loading=\"lazy\" src=\"\/\/nivaacamping.com\/wp-content\/uploads\/2025\/11\/CAMP_Forest_niva-scaled.jpg\" data-width=\"314\" data-height=\"418\" style=\"aspect-ratio: auto 1920 \/ 2560;\" ml-d=\"0\" mt-d=\"-65\" center-v-d=\"false\" mt-m=\"-91\" center-v-m=\"false\"><\/span><span style=\"\"><img decoding=\"async\" alt=\"\" data-id=\"358\" width=\"314\" data-init-width=\"1920\" height=\"418\" data-init-height=\"2560\" title=\"S\u00f8_camping_niveau\" loading=\"lazy\" src=\"\/\/nivaacamping.com\/wp-content\/uploads\/2025\/11\/So_camping_niva-1-scaled.jpg\" data-width=\"314\" data-height=\"418\" style=\"aspect-ratio: auto 1920 \/ 2560;\" mt-d=\"-60\" ml-d=\"0\" center-v-d=\"false\" mt-m=\"-95\" center-v-m=\"false\"><\/span><span style=\"\"><img decoding=\"async\" alt=\"\" data-id=\"189\" width=\"314\" data-init-width=\"1440\" height=\"558\" data-init-height=\"2560\" title=\"Glamping_niv\u00e5\" loading=\"lazy\" src=\"\/\/nivaacamping.com\/wp-content\/uploads\/2025\/11\/Glamp.avif\" data-width=\"314\" data-height=\"558\" style=\"aspect-ratio: auto 1440 \/ 2560;\" ml-d=\"0\" mt-d=\"-112\" center-v-d=\"false\" mt-t=\"-467\" center-v-t=\"false\" mt-m=\"-159\" ml-m=\"0\" center-v-m=\"false\"><\/span><span style=\"\"><img decoding=\"async\" alt=\"\" data-id=\"331\" width=\"314\" data-init-width=\"1920\" height=\"418\" data-init-height=\"2560\" title=\"Sommer_Niv\u00e5_Camping\" loading=\"lazy\" src=\"\/\/nivaacamping.com\/wp-content\/uploads\/2025\/11\/Sommer_Niva_Camping-scaled.jpg\" data-width=\"314\" data-height=\"418\" style=\"aspect-ratio: auto 1920 \/ 2560;\" ml-d=\"0\" mt-d=\"-110\" center-v-d=\"false\" mt-t=\"-70\" ml-t=\"0\" center-v-t=\"false\" mt-m=\"-138\" center-v-m=\"false\"><\/span><span style=\"\"><img decoding=\"async\" alt=\"\" data-id=\"291\" width=\"314\" data-init-width=\"1920\" height=\"418\" data-init-height=\"2560\" title=\"Lakeside_niv\u00e5camping\" loading=\"lazy\" src=\"\/\/nivaacamping.com\/wp-content\/uploads\/2025\/11\/Lakeside_nivacamping-1-scaled.jpg\" data-width=\"314\" data-height=\"418\" style=\"aspect-ratio: auto 1920 \/ 2560;\" ml-d=\"0\" mt-d=\"-59\" center-v-d=\"false\" mt-t=\"-14\" center-v-t=\"false\" mt-m=\"-71\" center-v-m=\"false\"><\/span><span style=\"\"><img decoding=\"async\" alt=\"\" data-id=\"98\" width=\"314\" data-init-width=\"1920\" height=\"418\" data-init-height=\"2560\" title=\"Hytte_35m2_niv\u00e5_camping\" loading=\"lazy\" src=\"\/\/nivaacamping.com\/wp-content\/uploads\/2025\/11\/Hytte_35m2_niva_camping-1-scaled.jpg\" data-width=\"314\" data-height=\"418\" style=\"aspect-ratio: auto 1920 \/ 2560;\" ml-d=\"0\" mt-d=\"-74\" center-v-d=\"false\" mt-t=\"-57\" center-v-t=\"false\" mt-m=\"-87\" center-v-m=\"false\"><\/span><span style=\"\"><img decoding=\"async\" alt=\"\" data-id=\"99\" width=\"314\" data-init-width=\"1920\" height=\"418\" data-init-height=\"2560\" title=\"Niv\u00e5_camping_strand_skov\" loading=\"lazy\" src=\"\/\/nivaacamping.com\/wp-content\/uploads\/2025\/11\/Niva_camping_strand_skov-scaled.jpg\" data-width=\"314\" data-height=\"418\" style=\"aspect-ratio: auto 1920 \/ 2560;\" mt-d=\"-83\" ml-d=\"0\" center-v-d=\"false\" mt-t=\"-429\" center-v-t=\"false\" mt-m=\"-176\" ml-m=\"0\" center-v-m=\"false\"><\/span><span style=\"\"><img decoding=\"async\" alt=\"\" data-id=\"330\" width=\"317\" data-init-width=\"2560\" height=\"238\" data-init-height=\"1920\" title=\"Niv\u00e5hytte\" loading=\"lazy\" src=\"\/\/nivaacamping.com\/wp-content\/uploads\/2025\/11\/Niva_cabin-scaled.jpg\" data-width=\"317\" data-height=\"238\" style=\"aspect-ratio: auto 2560 \/ 1920;\" ml-d=\"-3.1329999999999814\" mt-d=\"0\" ml-t=\"-3\" center-h-t=\"false\"><\/span><span style=\"\"><img decoding=\"async\" alt=\"\" data-id=\"334\" width=\"314\" data-init-width=\"1920\" height=\"418\" data-init-height=\"2560\" title=\"Strand_Niv\u00e5\" loading=\"lazy\" src=\"\/\/nivaacamping.com\/wp-content\/uploads\/2025\/11\/Strand_Niva-scaled.jpg\" data-width=\"314\" data-height=\"418\" style=\"aspect-ratio: auto 1920 \/ 2560;\" mt-d=\"-124\" ml-d=\"0\" center-v-d=\"false\" mt-t=\"-88\" ml-t=\"0\" center-v-t=\"false\" mt-m=\"-186\" center-v-m=\"false\"><\/span><span style=\"\"><img decoding=\"async\" alt=\"\" data-id=\"329\" width=\"314\" data-init-width=\"1920\" height=\"418\" data-init-height=\"2560\" title=\"Appletree_copenhagen_niveau\" loading=\"lazy\" src=\"\/\/nivaacamping.com\/wp-content\/uploads\/2025\/11\/Appletree_copenhagen_niva-scaled.jpg\" data-width=\"314\" data-height=\"418\" style=\"aspect-ratio: auto 1920 \/ 2560;\" mt-d=\"-86\" ml-d=\"0\" center-v-d=\"false\" mt-t=\"-37\" center-v-t=\"false\" mt-m=\"-132\" center-v-m=\"false\"><\/span><span style=\"\"><img decoding=\"async\" alt=\"\" data-id=\"332\" width=\"314\" data-init-width=\"1920\" height=\"418\" data-init-height=\"2560\" title=\"Blomsterniveauhytte\" loading=\"lazy\" src=\"\/\/nivaacamping.com\/wp-content\/uploads\/2025\/11\/Blomster_niva_hytte-scaled.jpg\" data-width=\"314\" data-height=\"418\" style=\"aspect-ratio: auto 1920 \/ 2560;\" ml-d=\"0\" mt-d=\"-58\" center-v-d=\"false\" mt-t=\"-340\" center-v-t=\"false\" mt-m=\"-90\" ml-m=\"0\" center-v-m=\"false\"><\/span><\/p>\n<h4 style=\"text-align: center;\">KORT<\/h4>","protected":false},"excerpt":{"rendered":"<p>CAMPING SINCE 1953 We\u2019re proud to be the second oldest campsite in Denmark. Ever since 1953, people from Copenhagen and the surrounding area have been coming to Niv\u00e5 to spend their summer holidays here. Over the years, the campsite has grown and changed, but the feeling has stayed the same \u2014 a cosy, friendly place [&hellip;]<\/p>\n","protected":false},"author":1,"featured_media":0,"parent":0,"menu_order":0,"comment_status":"closed","ping_status":"closed","template":"","meta":{"footnotes":""},"class_list":["post-537","page","type-page","status-publish","hentry","post-wrapper","thrv_wrapper"],"jetpack_sharing_enabled":true,"_links":{"self":[{"href":"https:\/\/nivaacamping.com\/da\/wp-json\/wp\/v2\/pages\/537","targetHints":{"allow":["GET"]}}],"collection":[{"href":"https:\/\/nivaacamping.com\/da\/wp-json\/wp\/v2\/pages"}],"about":[{"href":"https:\/\/nivaacamping.com\/da\/wp-json\/wp\/v2\/types\/page"}],"author":[{"embeddable":true,"href":"https:\/\/nivaacamping.com\/da\/wp-json\/wp\/v2\/users\/1"}],"replies":[{"embeddable":true,"href":"https:\/\/nivaacamping.com\/da\/wp-json\/wp\/v2\/comments?post=537"}],"version-history":[{"count":17,"href":"https:\/\/nivaacamping.com\/da\/wp-json\/wp\/v2\/pages\/537\/revisions"}],"predecessor-version":[{"id":986,"href":"https:\/\/nivaacamping.com\/da\/wp-json\/wp\/v2\/pages\/537\/revisions\/986"}],"wp:attachment":[{"href":"https:\/\/nivaacamping.com\/da\/wp-json\/wp\/v2\/media?parent=537"}],"curies":[{"name":"wp","href":"https:\/\/api.w.org\/{rel}","templated":true}]}}